{"id":1886,"date":"2022-02-03T09:52:48","date_gmt":"2022-02-03T08:52:48","guid":{"rendered":"http:\/\/s898510583.online.de\/imprint\/"},"modified":"2025-05-14T09:56:24","modified_gmt":"2025-05-14T08:56:24","slug":"imprint","status":"publish","type":"page","link":"https:\/\/alpotels.com\/it\/imprint\/","title":{"rendered":"Imprint"},"content":{"rendered":"\n<h2 class=\"wp-block-heading\" id=\"angaben-gemass-5-tmg\">Informazioni secondo il \u00a7 5 TMG:<\/h2>\n\n<h3 class=\"wp-block-heading\" id=\"auftraggeber-und-zustandig-fur-alle-inhalte\">Appaltante e responsabile per il contenuto<\/h3>\n\n<p><strong>ALPOTELS<\/strong>-Zentrale<br\/>Eisackstrasse, 1<br\/>I-39040 Vahrn\/Brixen<br\/>MwSt.-Nr. IT03011390212<\/p>\n\n<p><strong>Tel: <\/strong>+39 0472 \/ 978 120<br\/><strong>Fax: <\/strong>+39 0472 \/ 978 121<br\/><strong>Email:<\/strong> <a href=\"mailto:info@alpotels.com\">info(at)alpotels.com<\/a><br\/><strong>Web:<\/strong> <a href=\"https:\/\/alpotels.com\/it\/\">www.alpotels.com<\/a><\/p>\n\n<h2 class=\"wp-block-heading\" id=\"haftung-fur-inhalte\">Responsabilit\u00e0 per i contenuti<\/h2>\n\n<p>Come fornitore di servizi, siamo, secondo il \u00a7 7 comma 1 TMG \u00e8 responsabile dei propri contenuti su queste pagine in conformit\u00e0 con le leggi generali. Secondo i \u00a7\u00a7 da 8 a 10 TMG, tuttavia, non siamo obbligati come fornitore di servizi a controllare le informazioni di terzi trasmesse o memorizzate o a indagare su circostanze che indicano attivit\u00e0 illegali.<\/p>\n\n<p>Gli obblighi di rimuovere o bloccare l&#8217;uso di informazioni in conformit\u00e0 con le leggi generali rimangono inalterati da questo. Tuttavia, la responsabilit\u00e0 in questo senso \u00e8 possibile solo dal momento della conoscenza di una violazione concreta. Se veniamo a conoscenza di tali violazioni, rimuoveremo immediatamente tali contenuti.<\/p>\n\n<h2 class=\"wp-block-heading\" id=\"haftung-fur-links\">Responsabilit\u00e0 per i link<\/h2>\n\n<p>La nostra offerta contiene link a siti web esterni di terzi, sui cui contenuti non abbiamo alcuna influenza. Pertanto, non possiamo assumere alcuna responsabilit\u00e0 per questi contenuti esterni. Il rispettivo fornitore o operatore delle pagine \u00e8 sempre responsabile del contenuto delle pagine collegate. Le pagine collegate sono state controllate per eventuali violazioni legali al momento del collegamento. I contenuti illegali non erano riconoscibili al momento del collegamento.<\/p>\n\n<p>Tuttavia, un controllo permanente dei contenuti delle pagine collegate non \u00e8 ragionevole senza indicazioni concrete di una violazione della legge. Se veniamo a conoscenza di violazioni della legge, rimuoveremo immediatamente tali link.<\/p>\n\n<h2 class=\"wp-block-heading\" id=\"bildmaterial\">Immagini:<\/h2>\n\n<p>Alpotels<\/p>\n\n<p>IDM Datenbank<\/p>\n\n<p>TV Brunico Kronplatz<\/p>\n\n<p><a href=\"https:\/\/alpotels.com\/it\/privacy\/\" data-type=\"page\" data-id=\"323\">Privacy<\/a><\/p>\n","protected":false},"excerpt":{"rendered":"<p>Informazioni secondo il \u00a7 5 TMG: Appaltante e responsabile per il contenuto ALPOTELS-ZentraleEisackstrasse, 1I-39040 Vahrn\/BrixenMwSt.-Nr. IT03011390212 Tel: +39 0472 \/ 978 120Fax: +39 0472 \/ 978 121Email: info(at)alpotels.comWeb: www.alpotels.com Responsabilit\u00e0 per i contenuti Come fornitore di servizi, siamo, secondo il \u00a7 7 comma 1 TMG \u00e8 responsabile dei propri contenuti su queste pagine in conformit\u00e0 [&hellip;]<\/p>\n","protected":false},"author":2,"featured_media":0,"parent":0,"menu_order":0,"comment_status":"closed","ping_status":"closed","template":"","meta":{"footnotes":""},"class_list":["post-1886","page","type-page","status-publish","hentry"],"acf":[],"_links":{"self":[{"href":"https:\/\/alpotels.com\/it\/wp-json\/wp\/v2\/pages\/1886","targetHints":{"allow":["GET"]}}],"collection":[{"href":"https:\/\/alpotels.com\/it\/wp-json\/wp\/v2\/pages"}],"about":[{"href":"https:\/\/alpotels.com\/it\/wp-json\/wp\/v2\/types\/page"}],"author":[{"embeddable":true,"href":"https:\/\/alpotels.com\/it\/wp-json\/wp\/v2\/users\/2"}],"replies":[{"embeddable":true,"href":"https:\/\/alpotels.com\/it\/wp-json\/wp\/v2\/comments?post=1886"}],"version-history":[{"count":6,"href":"https:\/\/alpotels.com\/it\/wp-json\/wp\/v2\/pages\/1886\/revisions"}],"predecessor-version":[{"id":2791,"href":"https:\/\/alpotels.com\/it\/wp-json\/wp\/v2\/pages\/1886\/revisions\/2791"}],"wp:attachment":[{"href":"https:\/\/alpotels.com\/it\/wp-json\/wp\/v2\/media?parent=1886"}],"curies":[{"name":"wp","href":"https:\/\/api.w.org\/{rel}","templated":true}]}}