{"id":1830,"date":"2022-02-02T18:18:32","date_gmt":"2022-02-02T17:18:32","guid":{"rendered":"http:\/\/s898510583.online.de\/condizioni-generali-di-contratto-di-alpotels\/"},"modified":"2022-02-02T18:18:32","modified_gmt":"2022-02-02T17:18:32","slug":"condizioni-generali-di-contratto-di-alpotels","status":"publish","type":"page","link":"https:\/\/alpotels.com\/it\/condizioni-generali-di-contratto-di-alpotels\/","title":{"rendered":"Condizioni generali di contratto di Alpotels"},"content":{"rendered":"\n<p><strong>1. L\u2019iscrizione e conferma<\/strong><br\/>Il partner\/l\u2019agenzia con Sua iscrizione\/richiesta proporre una sottoscrizione di un contratto per viaggi di gruppo. Questo pu\u00f2 essere di forma scritta, orale o tramite telefono. Il contratto per viaggi di gruppo \u00e8 completato nel momento in cui ALPOTELS conferma il preventivo in forma scritta. In caso la conferma non \u00e8 conforme alla proposta, questa conferma contiene und nuova proposta alla quale ALPOTELS \u00e8 legata 7 giorni.<br\/><br\/><strong>2. Efficienza<\/strong><br\/>I servizi contrattuali si definiscono esclusivamente alla descrizione e indicazione dei prezzi del <a href=\"http:\/\/s898510583.online.de\/download\/528\/\" target=\"_blank\" rel=\"noopener\">catalogo Alpotels<\/a> valido nel periodo. I prezzi indicati s\u2019intendono netti, incluse tasse e contributi per cliente e giorno in camera doppia. I prezzi sono validi da un minimo di 20 partecipanti, i prezzi di pacchetto da un minimo di 30 persone. Al gruppo \u00e8 concesso una gratuita ogni 20 pagante..<br\/><br\/><strong>3. Pagamento<\/strong><br\/>Non \u00e8 richiesta una caparra, salvo biglietti per manifestazioni speciali (ticket, ingressi..) i quali devono essere pagati franco spese al momento del ricevimento della ricevuta\/fattura direttamente a ALPOTEL prima o al momento dell\u2019arrivo del gruppo.<br\/>Biglietti per eventi musicali non si possono stornare dopo una conferma o un pagamento e non possono essere rimborsati.<br\/><br\/><strong>4. Cancellazione\/ Recesso<\/strong><br\/>E\u2019 applicata la seguente penale di cancellazione:<br\/>Fino 42 giorni prima l\u2019arrivo la cancellazione \u00e9 gratuita,<br\/>da 43 a 30 giorni prima l\u2019arrivo 10% dell\u2019importo totale,<br\/>da 29 a 15 giorni prima l\u2019arrivo 20% dell\u2019importo totale,<br\/>da 14 a 7 giorni prima l\u2019arrivo 60% dell\u2019importo totale,<br\/>da 6 giorni prima l\u2019arrivo o per No Show 100% dell\u2019importo totale.<br\/><br\/><strong>5. Cambiamento di prezzo<\/strong><br\/>ALPOTELS pu\u00f2 chiedere un aumento del prezzo totale pari al 5% dopo 4 mesi dal contratto se \u00e9 provato che \u00e9 stato aumentato imprevedibilmente il prezzo di un servizio incluso (anche fluttuazioni del cambio). Se l\u2019aumento \u00e9 oltre il 5% del prezzo totale, il corrispondente pu\u00f2 ritirarsi e chiedere il rimborso dei costi versati finora. Un\u2019ulteriore pretesa del partner non esiste.<br\/><br\/><strong>6. Prenotazione di un\u2019altra struttura<\/strong><br\/>ALPOTELS pu\u00f2, per motivo giustificato, prenotare un\u2019altra struttura alberghiera se di categoria equivalente o superiore.<br\/><br\/><strong>7. Totali partecipanti<\/strong><br\/>Il minimo di persone di un gruppo \u00e8 venti persone. In caso i totali partecipanti cadono sotto 20 \u00e8 da prevedere un piccolo supplemento sul prezzo totale (massimo 10% del prezzo totale).<br\/><br\/><strong>8. Lista definitiva delle camere \/ Totale partecipanti<\/strong><br\/>Una lista delle camere o dei nomi \u00e8 necessaria entro 14 giorni dal giorno d\u2019arrivo.<br\/><br\/><strong>9. Riduzioni<\/strong><br\/>Le riduzioni per bambini elencati sotto valgono per un bambino fino l\u2019anno compiuto, in camera con almeno un pagante.<br\/>0 \u2013 4 anni = 100%<br\/>5 \u2013 8 anni = 50%<br\/>9 \u2013 12 anni = 30%<\/p>\n\n<p><strong>10. Tassa di soggiorno<br\/><\/strong>da persona\/notte, 3 stelle \u20ac 1,70 \/ 4 stelle \u20ac 2,10<br\/><br\/><strong>11. Disdetta a causa di forza maggiore<br\/><\/strong> Aggravamento, minaccia o menomazione di rilievo a causa di circostanze imprevedibili come guerra, inquietudine, epidemie, calamit\u00e0 naturale, avarie, rovina d\u2019alloggio o casi equivalenti abilitano entrambe le parti di disdire il contratto.<br\/><br\/><strong>12. Passaporto, visto e formalit\u00e0 sanitarie<br\/><\/strong>Per la rispondenza delle leggi disciplinari non \u00e8 responsabile Alpotels. In caso non vengono rispettate le disposizioni di legge \u00e8 valido il penale di cancellazione come punto 4.<br\/><br\/><strong>13. Foro competente<br\/><\/strong>Foro competente \u00e9 il luogo dell\u2019hotel prenotato<\/p>\n","protected":false},"excerpt":{"rendered":"<p>1. L\u2019iscrizione e confermaIl partner\/l\u2019agenzia con Sua iscrizione\/richiesta proporre una sottoscrizione di un contratto per viaggi di gruppo. Questo pu\u00f2 essere di forma scritta, orale o tramite telefono. Il contratto per viaggi di gruppo \u00e8 completato nel momento in cui ALPOTELS conferma il preventivo in forma scritta. In caso la conferma non \u00e8 conforme alla [&hellip;]<\/p>\n","protected":false},"author":2,"featured_media":0,"parent":0,"menu_order":0,"comment_status":"closed","ping_status":"closed","template":"","meta":{"footnotes":""},"class_list":["post-1830","page","type-page","status-publish","hentry"],"acf":[],"_links":{"self":[{"href":"https:\/\/alpotels.com\/it\/wp-json\/wp\/v2\/pages\/1830","targetHints":{"allow":["GET"]}}],"collection":[{"href":"https:\/\/alpotels.com\/it\/wp-json\/wp\/v2\/pages"}],"about":[{"href":"https:\/\/alpotels.com\/it\/wp-json\/wp\/v2\/types\/page"}],"author":[{"embeddable":true,"href":"https:\/\/alpotels.com\/it\/wp-json\/wp\/v2\/users\/2"}],"replies":[{"embeddable":true,"href":"https:\/\/alpotels.com\/it\/wp-json\/wp\/v2\/comments?post=1830"}],"version-history":[{"count":1,"href":"https:\/\/alpotels.com\/it\/wp-json\/wp\/v2\/pages\/1830\/revisions"}],"predecessor-version":[{"id":1831,"href":"https:\/\/alpotels.com\/it\/wp-json\/wp\/v2\/pages\/1830\/revisions\/1831"}],"wp:attachment":[{"href":"https:\/\/alpotels.com\/it\/wp-json\/wp\/v2\/media?parent=1830"}],"curies":[{"name":"wp","href":"https:\/\/api.w.org\/{rel}","templated":true}]}}